{"id":3373,"date":"2026-05-05T07:35:20","date_gmt":"2026-05-05T05:35:20","guid":{"rendered":"https:\/\/samaneahousedeluxe.com\/?page_id=3373"},"modified":"2026-05-05T07:53:33","modified_gmt":"2026-05-05T05:53:33","slug":"terms-and-conditions","status":"publish","type":"page","link":"https:\/\/samaneahousedeluxe.com\/es\/terms-and-conditions\/","title":{"rendered":"T\u00e9rminos y condiciones"},"content":{"rendered":"<div data-elementor-type=\"wp-page\" data-elementor-id=\"3373\" class=\"elementor elementor-3373\" data-elementor-post-type=\"page\">\n\t\t\t\t<div class=\"elementor-element elementor-element-1fb1b8c5 e-con-full e-flex e-con e-parent\" data-id=\"1fb1b8c5\" data-element_type=\"container\" data-e-type=\"container\" data-settings=\"{&quot;background_background&quot;:&quot;classic&quot;}\">\n\t\t\t\t<div class=\"elementor-element elementor-element-247dd627 elementor-invisible elementor-widget elementor-widget-elementskit-heading\" data-id=\"247dd627\" data-element_type=\"widget\" data-e-type=\"widget\" data-settings=\"{&quot;_animation&quot;:&quot;fadeIn&quot;}\" data-widget_type=\"elementskit-heading.default\">\n\t\t\t\t<div class=\"elementor-widget-container\">\n\t\t\t\t\t<div class=\"ekit-wid-con\" ><div class=\"ekit-heading elementskit-section-title-wraper text_center   ekit_heading_tablet-   ekit_heading_mobile-\"><h2 class=\"ekit-heading--title elementskit-section-title\">T\u00e9rminos y condiciones<\/h2><\/div><\/div>\t\t\t\t<\/div>\n\t\t\t\t<\/div>\n\t\t\t\t<\/div>\n\t\t<div class=\"elementor-element elementor-element-e889dce e-flex e-con-boxed e-con e-parent\" data-id=\"e889dce\" data-element_type=\"container\" data-e-type=\"container\">\n\t\t\t\t\t<div class=\"e-con-inner\">\n\t\t\t\t<div class=\"elementor-element elementor-element-9e5daa0 elementor-invisible elementor-widget elementor-widget-text-editor\" data-id=\"9e5daa0\" data-element_type=\"widget\" data-e-type=\"widget\" data-settings=\"{&quot;_animation&quot;:&quot;fadeIn&quot;,&quot;_animation_delay&quot;:400}\" data-widget_type=\"text-editor.default\">\n\t\t\t\t<div class=\"elementor-widget-container\">\n\t\t\t\t\t\t\t\t\t<p data-path-to-node=\"0\" class=\"translation-block\"><b data-path-to-node=\"0\" data-index-in-node=\"0\">1. Reservas y pagos<\/b> Al usar nuestro sitio web (<a class=\"ng-star-inserted\" href=\"https:\/\/samanea.com\/\" target=\"_blank\" rel=\"noopener\" data-hveid=\"0\" data-ved=\"0CAAQ_4QMahgKEwiilK70taGUAxUAAAAAHQAAAAAQiAE\">https:\/\/samanea.com\/<\/a>) y confirmar su reserva, acepta estos t\u00e9rminos. Las reservas solo se confirman al recibir el pago o la garant\u00eda requerida.<\/p>\n<p data-path-to-node=\"1\"><b data-path-to-node=\"1\" data-index-in-node=\"0\">2. Pol\u00edticas de cancelaci\u00f3n y de no presentaci\u00f3n<\/b><\/p>\n<ul data-path-to-node=\"2\">\n<li>\n<p data-path-to-node=\"2,0,0\" class=\"translation-block\"><b data-path-to-node=\"2,0,0\" data-index-in-node=\"0\">Cancellations:<\/b> Conditions vary depending on the purchased rate. Flexible reservations allow modifications up to a specified period before check-in. Promotional or \u201cNon-Refundable\u201d rates do not allow changes or refunds.<\/p>\n<\/li>\n<li>\n<p data-path-to-node=\"2,1,0\" class=\"translation-block\"><b data-path-to-node=\"2,1,0\" data-index-in-node=\"0\">No presentaci\u00f3n:<\/b> En caso de no presentarse en la fecha acordada sin previo aviso, la reserva ser\u00e1 cancelada y se aplicar\u00e1 el cargo por penalizaci\u00f3n correspondiente a la tarifa seleccionada.<\/p>\n<\/li>\n<\/ul>\n<p data-path-to-node=\"3\" class=\"translation-block\"><b data-path-to-node=\"3\" data-index-in-node=\"0\">3. Horario del hotel<\/b> Los registros de entrada anticipados o las salidas tard\u00edas est\u00e1n sujetos a disponibilidad y pueden conllevar cargos adicionales.<\/p>\n<p data-path-to-node=\"4\"><b data-path-to-node=\"4\" data-index-in-node=\"0\">4. Normas de conducta<\/b><\/p>\n<ul data-path-to-node=\"5\">\n<li>\n<p data-path-to-node=\"5,0,0\" class=\"translation-block\"><b data-path-to-node=\"5,0,0\" data-index-in-node=\"0\">Identificaci\u00f3n:<\/b> Es obligatorio que todos los hu\u00e9spedes presenten un documento de identidad oficial v\u00e1lido en el momento del registro.<\/p>\n<\/li>\n<li>\n<p data-path-to-node=\"5,1,0\" class=\"translation-block\"><b data-path-to-node=\"5,1,0\" data-index-in-node=\"0\">Da\u00f1os:<\/b> El hu\u00e9sped es responsable de cualquier da\u00f1o causado a las instalaciones o al mobiliario durante su estancia.<\/p>\n<\/li>\n<\/ul>\n<p data-path-to-node=\"6\"><b data-path-to-node=\"6\" data-index-in-node=\"0\">5. Responsabilidad y privacidad<\/b><\/p>\n<ul data-path-to-node=\"7\">\n<li>\n<p data-path-to-node=\"7,0,0\">El hotel no se responsabiliza de la p\u00e9rdida o los da\u00f1os que puedan sufrir los objetos de valor que no hayan sido depositados en las cajas de seguridad correspondientes.<\/p>\n<\/li>\n<li>\n<p data-path-to-node=\"7,1,0\">Los datos personales facilitados se utilizar\u00e1n exclusivamente para la gesti\u00f3n de su reserva y la comunicaci\u00f3n directa, respetando la privacidad del hu\u00e9sped.<\/p>\n<\/li>\n<\/ul>\n<p data-path-to-node=\"8\" class=\"translation-block\"><b data-path-to-node=\"8\" data-index-in-node=\"0\">6. Contacto<\/b> Para modificaciones, preguntas o solicitudes especiales, cont\u00e1ctenos a trav\u00e9s de:<\/p>\n<ul data-path-to-node=\"9\">\n<li>\n<p data-path-to-node=\"9,0,0\"><b data-path-to-node=\"9,0,0\" data-index-in-node=\"0\">Tel\u00e9fono\/WhatsApp:<\/b> +506 8350 2688<\/p>\n<\/li>\n<li>\n<p data-path-to-node=\"9,1,0\" class=\"translation-block\"><b data-path-to-node=\"9,1,0\" data-index-in-node=\"0\">Email:<\/b> samaneahousedeluxe@gmail.com<\/p>\n<\/li>\n<\/ul>\t\t\t\t\t\t\t\t<\/div>\n\t\t\t\t<\/div>\n\t\t\t\t\t<\/div>\n\t\t\t\t<\/div>\n\t\t<div class=\"elementor-element elementor-element-d9357e7 e-flex e-con-boxed e-con e-parent\" data-id=\"d9357e7\" data-element_type=\"container\" data-e-type=\"container\">\n\t\t\t\t\t<div class=\"e-con-inner\">\n\t\t\t\t<div class=\"elementor-element elementor-element-c84140f elementor-widget elementor-widget-html\" data-id=\"c84140f\" data-element_type=\"widget\" data-e-type=\"widget\" data-widget_type=\"html.default\">\n\t\t\t\t<div class=\"elementor-widget-container\">\n\t\t\t\t\t<style>\n.elementor-3174 .elementor-element.elementor-element-06d4988 .elementskit-section-title-wraper .elementskit-section-title span:last-child, .elementor-3174 .elementor-element.elementor-element-06d4988 .elementskit-section-title-wraper .elementskit-section-title > span {\n    font-size: 37px;\n}\n\n\n.elementor-3174 .elementor-element.elementor-element-361eb04 .elementskit-section-title-wraper .elementskit-section-title span:last-child, .elementor-3174 .elementor-element.elementor-element-361eb04 .elementskit-section-title-wraper .elementskit-section-title > span {\n    font-size: 37px;\n}\n\n.elementor-3174 .elementor-element.elementor-element-c629194 .elementskit-section-title-wraper .elementskit-section-title span:last-child, .elementor-3174 .elementor-element.elementor-element-c629194 .elementskit-section-title-wraper .elementskit-section-title > span {\n    font-size: 37px;\n}\n\n.elementor-3174 .elementor-element.elementor-element-700900e .elementskit-section-title-wraper .elementskit-section-title span:last-child, .elementor-3174 .elementor-element.elementor-element-700900e .elementskit-section-title-wraper .elementskit-section-title > span {\n    font-size: 37px;\n}\n<\/style>\n\t\t\t\t<\/div>\n\t\t\t\t<\/div>\n\t\t\t\t\t<\/div>\n\t\t\t\t<\/div>\n\t\t\t\t<\/div>","protected":false},"excerpt":{"rendered":"<p>Terms and conditions 1. Reservations and Payments By using our website (https:\/\/samanea.com\/) and confirming your reservation, you accept these terms. Reservations are only confirmed upon &#8230; <a title=\"T\u00e9rminos y condiciones\" class=\"read-more\" href=\"https:\/\/samaneahousedeluxe.com\/es\/terms-and-conditions\/\" aria-label=\"Leer m\u00e1s sobre Terms and conditions\">Leer m\u00e1s<\/a><\/p>","protected":false},"author":6,"featured_media":0,"parent":0,"menu_order":0,"comment_status":"closed","ping_status":"closed","template":"elementor_header_footer","meta":{"generate_page_header":"","_joinchat":[],"footnotes":""},"class_list":["post-3373","page","type-page","status-publish"],"yoast_head":"<!-- This site is optimized with the Yoast SEO plugin v27.1.1 - https:\/\/yoast.com\/product\/yoast-seo-wordpress\/ -->\n<title>Mejora la calidad de tu vida con hipn\u00f3sis terap\u00e9utica - Hipnosis Soria<\/title>\n<meta name=\"description\" content=\"Deja atr\u00e1s las inseguridades, los miedos, los malos h\u00e1bitos, las adicciones a trav\u00e9s de la hipn\u00f3sis terap\u00e9utica.\" \/>\n<meta name=\"robots\" content=\"index, follow, max-snippet:-1, max-image-preview:large, max-video-preview:-1\" \/>\n<link rel=\"canonical\" href=\"https:\/\/samaneahousedeluxe.com\/es\/terms-and-conditions\/\" \/>\n<meta property=\"og:locale\" content=\"es_ES\" \/>\n<meta property=\"og:type\" content=\"article\" \/>\n<meta property=\"og:title\" content=\"Mejora la calidad de tu vida con hipn\u00f3sis terap\u00e9utica - Hipnosis Soria\" \/>\n<meta property=\"og:description\" content=\"Deja atr\u00e1s las inseguridades, los miedos, los malos h\u00e1bitos, las adicciones a trav\u00e9s de la hipn\u00f3sis terap\u00e9utica.\" \/>\n<meta property=\"og:url\" content=\"https:\/\/samaneahousedeluxe.com\/es\/terms-and-conditions\/\" \/>\n<meta property=\"og:site_name\" content=\"SAMANEA\" \/>\n<meta property=\"article:modified_time\" content=\"2026-05-05T05:53:33+00:00\" \/>\n<meta name=\"twitter:card\" content=\"summary_large_image\" \/>\n<meta name=\"twitter:label1\" content=\"Tiempo de lectura\" \/>\n\t<meta name=\"twitter:data1\" content=\"2 minutos\" \/>\n<script type=\"application\/ld+json\" class=\"yoast-schema-graph\">{\"@context\":\"https:\/\/schema.org\",\"@graph\":[{\"@type\":\"WebPage\",\"@id\":\"https:\/\/samaneahousedeluxe.com\/terms-and-conditions\/\",\"url\":\"https:\/\/samaneahousedeluxe.com\/terms-and-conditions\/\",\"name\":\"Mejora la calidad de tu vida con hipn\u00f3sis terap\u00e9utica - Hipnosis Soria\",\"isPartOf\":{\"@id\":\"https:\/\/samaneahousedeluxe.com\/#website\"},\"datePublished\":\"2026-05-05T05:35:20+00:00\",\"dateModified\":\"2026-05-05T05:53:33+00:00\",\"description\":\"Deja atr\u00e1s las inseguridades, los miedos, los malos h\u00e1bitos, las adicciones a trav\u00e9s de la hipn\u00f3sis terap\u00e9utica.\",\"breadcrumb\":{\"@id\":\"https:\/\/samaneahousedeluxe.com\/terms-and-conditions\/#breadcrumb\"},\"inLanguage\":\"es\",\"potentialAction\":[{\"@type\":\"ReadAction\",\"target\":[\"https:\/\/samaneahousedeluxe.com\/terms-and-conditions\/\"]}]},{\"@type\":\"BreadcrumbList\",\"@id\":\"https:\/\/samaneahousedeluxe.com\/terms-and-conditions\/#breadcrumb\",\"itemListElement\":[{\"@type\":\"ListItem\",\"position\":1,\"name\":\"Portada\",\"item\":\"https:\/\/samaneahousedeluxe.com\/\"},{\"@type\":\"ListItem\",\"position\":2,\"name\":\"Terms and conditions\"}]},{\"@type\":\"WebSite\",\"@id\":\"https:\/\/samaneahousedeluxe.com\/#website\",\"url\":\"https:\/\/samaneahousedeluxe.com\/\",\"name\":\"SAMANEA\",\"description\":\"Luxury House\",\"potentialAction\":[{\"@type\":\"SearchAction\",\"target\":{\"@type\":\"EntryPoint\",\"urlTemplate\":\"https:\/\/samaneahousedeluxe.com\/?s={search_term_string}\"},\"query-input\":{\"@type\":\"PropertyValueSpecification\",\"valueRequired\":true,\"valueName\":\"search_term_string\"}}],\"inLanguage\":\"es\"}]}<\/script>\n<!-- \/ Yoast SEO plugin. -->","yoast_head_json":{"title":"Mejora la calidad de tu vida con hipn\u00f3sis terap\u00e9utica - Hipnosis Soria","description":"Deja atr\u00e1s las inseguridades, los miedos, los malos h\u00e1bitos, las adicciones a trav\u00e9s de la hipn\u00f3sis terap\u00e9utica.","robots":{"index":"index","follow":"follow","max-snippet":"max-snippet:-1","max-image-preview":"max-image-preview:large","max-video-preview":"max-video-preview:-1"},"canonical":"https:\/\/samaneahousedeluxe.com\/es\/terms-and-conditions\/","og_locale":"es_ES","og_type":"article","og_title":"Mejora la calidad de tu vida con hipn\u00f3sis terap\u00e9utica - Hipnosis Soria","og_description":"Deja atr\u00e1s las inseguridades, los miedos, los malos h\u00e1bitos, las adicciones a trav\u00e9s de la hipn\u00f3sis terap\u00e9utica.","og_url":"https:\/\/samaneahousedeluxe.com\/es\/terms-and-conditions\/","og_site_name":"SAMANEA","article_modified_time":"2026-05-05T05:53:33+00:00","twitter_card":"summary_large_image","twitter_misc":{"Tiempo de lectura":"2 minutos"},"schema":{"@context":"https:\/\/schema.org","@graph":[{"@type":"WebPage","@id":"https:\/\/samaneahousedeluxe.com\/terms-and-conditions\/","url":"https:\/\/samaneahousedeluxe.com\/terms-and-conditions\/","name":"Mejora la calidad de tu vida con hipn\u00f3sis terap\u00e9utica - Hipnosis Soria","isPartOf":{"@id":"https:\/\/samaneahousedeluxe.com\/#website"},"datePublished":"2026-05-05T05:35:20+00:00","dateModified":"2026-05-05T05:53:33+00:00","description":"Deja atr\u00e1s las inseguridades, los miedos, los malos h\u00e1bitos, las adicciones a trav\u00e9s de la hipn\u00f3sis terap\u00e9utica.","breadcrumb":{"@id":"https:\/\/samaneahousedeluxe.com\/terms-and-conditions\/#breadcrumb"},"inLanguage":"es","potentialAction":[{"@type":"ReadAction","target":["https:\/\/samaneahousedeluxe.com\/terms-and-conditions\/"]}]},{"@type":"BreadcrumbList","@id":"https:\/\/samaneahousedeluxe.com\/terms-and-conditions\/#breadcrumb","itemListElement":[{"@type":"ListItem","position":1,"name":"Portada","item":"https:\/\/samaneahousedeluxe.com\/"},{"@type":"ListItem","position":2,"name":"Terms and conditions"}]},{"@type":"WebSite","@id":"https:\/\/samaneahousedeluxe.com\/#website","url":"https:\/\/samaneahousedeluxe.com\/","name":"SAMANEA","description":"Casa de lujo","potentialAction":[{"@type":"SearchAction","target":{"@type":"EntryPoint","urlTemplate":"https:\/\/samaneahousedeluxe.com\/?s={search_term_string}"},"query-input":{"@type":"PropertyValueSpecification","valueRequired":true,"valueName":"search_term_string"}}],"inLanguage":"es"}]}},"_links":{"self":[{"href":"https:\/\/samaneahousedeluxe.com\/es\/wp-json\/wp\/v2\/pages\/3373","targetHints":{"allow":["GET"]}}],"collection":[{"href":"https:\/\/samaneahousedeluxe.com\/es\/wp-json\/wp\/v2\/pages"}],"about":[{"href":"https:\/\/samaneahousedeluxe.com\/es\/wp-json\/wp\/v2\/types\/page"}],"author":[{"embeddable":true,"href":"https:\/\/samaneahousedeluxe.com\/es\/wp-json\/wp\/v2\/users\/6"}],"replies":[{"embeddable":true,"href":"https:\/\/samaneahousedeluxe.com\/es\/wp-json\/wp\/v2\/comments?post=3373"}],"version-history":[{"count":16,"href":"https:\/\/samaneahousedeluxe.com\/es\/wp-json\/wp\/v2\/pages\/3373\/revisions"}],"predecessor-version":[{"id":3391,"href":"https:\/\/samaneahousedeluxe.com\/es\/wp-json\/wp\/v2\/pages\/3373\/revisions\/3391"}],"wp:attachment":[{"href":"https:\/\/samaneahousedeluxe.com\/es\/wp-json\/wp\/v2\/media?parent=3373"}],"curies":[{"name":"wp","href":"https:\/\/api.w.org\/{rel}","templated":true}]}}