{"id":3392,"date":"2026-05-05T07:55:55","date_gmt":"2026-05-05T05:55:55","guid":{"rendered":"https:\/\/samaneahousedeluxe.com\/?page_id=3392"},"modified":"2026-05-05T08:00:45","modified_gmt":"2026-05-05T06:00:45","slug":"privacy-policy","status":"publish","type":"page","link":"https:\/\/samaneahousedeluxe.com\/es\/privacy-policy\/","title":{"rendered":"Pol\u00edtica de privacidad"},"content":{"rendered":"<div data-elementor-type=\"wp-page\" data-elementor-id=\"3392\" class=\"elementor elementor-3392\" data-elementor-post-type=\"page\">\n\t\t\t\t<div class=\"elementor-element elementor-element-1fb1b8c5 e-con-full e-flex e-con e-parent\" data-id=\"1fb1b8c5\" data-element_type=\"container\" data-e-type=\"container\" data-settings=\"{&quot;background_background&quot;:&quot;classic&quot;}\">\n\t\t\t\t<div class=\"elementor-element elementor-element-247dd627 elementor-invisible elementor-widget elementor-widget-elementskit-heading\" data-id=\"247dd627\" data-element_type=\"widget\" data-e-type=\"widget\" data-settings=\"{&quot;_animation&quot;:&quot;fadeIn&quot;}\" data-widget_type=\"elementskit-heading.default\">\n\t\t\t\t<div class=\"elementor-widget-container\">\n\t\t\t\t\t<div class=\"ekit-wid-con\" ><div class=\"ekit-heading elementskit-section-title-wraper text_center   ekit_heading_tablet-   ekit_heading_mobile-\"><h2 class=\"ekit-heading--title elementskit-section-title\">Pol\u00edtica de privacidad<\/h2><\/div><\/div>\t\t\t\t<\/div>\n\t\t\t\t<\/div>\n\t\t\t\t<\/div>\n\t\t<div class=\"elementor-element elementor-element-e889dce e-flex e-con-boxed e-con e-parent\" data-id=\"e889dce\" data-element_type=\"container\" data-e-type=\"container\">\n\t\t\t\t\t<div class=\"e-con-inner\">\n\t\t\t\t<div class=\"elementor-element elementor-element-9e5daa0 elementor-invisible elementor-widget elementor-widget-text-editor\" data-id=\"9e5daa0\" data-element_type=\"widget\" data-e-type=\"widget\" data-settings=\"{&quot;_animation&quot;:&quot;fadeIn&quot;,&quot;_animation_delay&quot;:400}\" data-widget_type=\"text-editor.default\">\n\t\t\t\t<div class=\"elementor-widget-container\">\n\t\t\t\t\t\t\t\t\t<p data-path-to-node=\"0\" class=\"translation-block\"><b data-path-to-node=\"0\" data-index-in-node=\"0\">1. Informaci\u00f3n que recopilamos<\/b> Cuando usted utiliza nuestro sitio web y realiza una reserva, recopilamos la informaci\u00f3n personal necesaria para brindar nuestros servicios. Esto puede incluir: nombre completo, direcci\u00f3n de correo electr\u00f3nico, n\u00famero de tel\u00e9fono, documento de identidad y detalles de pago.<\/p><p data-path-to-node=\"1\"><b data-path-to-node=\"1\" data-index-in-node=\"0\">2. Use of Information<\/b> The personal data you provide will be used exclusively for the following purposes:<\/p><ul data-path-to-node=\"2\"><li><p data-path-to-node=\"2,0,0\">Para procesar, confirmar y gestionar sus reservas.<\/p><\/li><li><p data-path-to-node=\"2,1,0\">Para comunicarnos con usted y enviarle informaci\u00f3n relevante sobre su estancia o responder a sus consultas.<\/p><\/li><li><p data-path-to-node=\"2,2,0\">Para cumplir con los requisitos legales y reglamentarios vigentes.<\/p><\/li><\/ul><p data-path-to-node=\"3\" class=\"translation-block\"><b data-path-to-node=\"3\" data-index-in-node=\"0\">3. Protecci\u00f3n y seguridad de datos<\/b> Nos comprometemos a proteger su privacidad. Implementamos medidas de seguridad t\u00e9cnicas y administrativas para prevenir el acceso no autorizado, la p\u00e9rdida, la alteraci\u00f3n o la divulgaci\u00f3n de su informaci\u00f3n personal. Los datos de pago se procesan bajo estrictas normas de confidencialidad.<\/p><p data-path-to-node=\"4\" class=\"translation-block\"><b data-path-to-node=\"4\" data-index-in-node=\"0\">4. Compartir informaci\u00f3n con terceros<\/b> No vendemos, alquilamos ni intercambiamos su informaci\u00f3n personal. Solo compartimos sus datos con proveedores de servicios de confianza (como plataformas de pago o sistemas de gesti\u00f3n de reservas) que nos ayudan a operar el hotel, exigi\u00e9ndoles que mantengan el mismo nivel de protecci\u00f3n y confidencialidad.<\/p><p data-path-to-node=\"5\" class=\"translation-block\"><b data-path-to-node=\"5\" data-index-in-node=\"0\">5. Derechos del hu\u00e9sped<\/b> Usted tiene derecho a acceder, rectificar, actualizar o solicitar la eliminaci\u00f3n de sus datos personales de nuestros registros en cualquier momento, siempre que esto no entre en conflicto con nuestras obligaciones legales o fiscales.<\/p><p data-path-to-node=\"6\" class=\"translation-block\"><b data-path-to-node=\"6\" data-index-in-node=\"0\">6. Cambios en esta Pol\u00edtica<\/b> Nos reservamos el derecho de actualizar esta Pol\u00edtica de Privacidad en cualquier momento. Los cambios entrar\u00e1n en vigor inmediatamente despu\u00e9s de su publicaci\u00f3n en nuestro sitio web.<\/p><p data-path-to-node=\"7\" class=\"translation-block\"><b data-path-to-node=\"7\" data-index-in-node=\"0\">7. Contacto<\/b> Si tiene alguna pregunta sobre c\u00f3mo manejamos su informaci\u00f3n personal o desea ejercer sus derechos de datos, cont\u00e1ctenos a trav\u00e9s de:<\/p><ul data-path-to-node=\"8\"><li><p data-path-to-node=\"8,0,0\"><b data-path-to-node=\"8,0,0\" data-index-in-node=\"0\">Tel\u00e9fono\/WhatsApp:<\/b> +506 8350 2688<\/p><\/li><li><p data-path-to-node=\"8,1,0\" class=\"translation-block\"><b data-path-to-node=\"9,1,0\" data-index-in-node=\"0\">Email:<\/b> samaneahousedeluxe@gmail.com<\/p><\/li><\/ul>\t\t\t\t\t\t\t\t<\/div>\n\t\t\t\t<\/div>\n\t\t\t\t\t<\/div>\n\t\t\t\t<\/div>\n\t\t<div class=\"elementor-element elementor-element-d9357e7 e-flex e-con-boxed e-con e-parent\" data-id=\"d9357e7\" data-element_type=\"container\" data-e-type=\"container\">\n\t\t\t\t\t<div class=\"e-con-inner\">\n\t\t\t\t<div class=\"elementor-element elementor-element-c84140f elementor-widget elementor-widget-html\" data-id=\"c84140f\" data-element_type=\"widget\" data-e-type=\"widget\" data-widget_type=\"html.default\">\n\t\t\t\t<div class=\"elementor-widget-container\">\n\t\t\t\t\t<style>\n.elementor-3174 .elementor-element.elementor-element-06d4988 .elementskit-section-title-wraper .elementskit-section-title span:last-child, .elementor-3174 .elementor-element.elementor-element-06d4988 .elementskit-section-title-wraper .elementskit-section-title > span {\n    font-size: 37px;\n}\n\n\n.elementor-3174 .elementor-element.elementor-element-361eb04 .elementskit-section-title-wraper .elementskit-section-title span:last-child, .elementor-3174 .elementor-element.elementor-element-361eb04 .elementskit-section-title-wraper .elementskit-section-title > span {\n    font-size: 37px;\n}\n\n.elementor-3174 .elementor-element.elementor-element-c629194 .elementskit-section-title-wraper .elementskit-section-title span:last-child, .elementor-3174 .elementor-element.elementor-element-c629194 .elementskit-section-title-wraper .elementskit-section-title > span {\n    font-size: 37px;\n}\n\n.elementor-3174 .elementor-element.elementor-element-700900e .elementskit-section-title-wraper .elementskit-section-title span:last-child, .elementor-3174 .elementor-element.elementor-element-700900e .elementskit-section-title-wraper .elementskit-section-title > span {\n    font-size: 37px;\n}\n<\/style>\n\t\t\t\t<\/div>\n\t\t\t\t<\/div>\n\t\t\t\t\t<\/div>\n\t\t\t\t<\/div>\n\t\t\t\t<\/div>","protected":false},"excerpt":{"rendered":"<p>Privacy Policy 1. Information We Collect When you use our website and make a reservation, we collect personal information necessary to provide our services. This &#8230; <a title=\"Pol\u00edtica de privacidad\" class=\"read-more\" href=\"https:\/\/samaneahousedeluxe.com\/es\/privacy-policy\/\" aria-label=\"Leer m\u00e1s sobre Privacy Policy\">Leer m\u00e1s<\/a><\/p>","protected":false},"author":6,"featured_media":0,"parent":0,"menu_order":0,"comment_status":"closed","ping_status":"closed","template":"elementor_header_footer","meta":{"generate_page_header":"","_joinchat":[],"footnotes":""},"class_list":["post-3392","page","type-page","status-publish"],"yoast_head":"<!-- This site is optimized with the Yoast SEO plugin v27.1.1 - https:\/\/yoast.com\/product\/yoast-seo-wordpress\/ -->\n<title>Mejora la calidad de tu vida con hipn\u00f3sis terap\u00e9utica - Hipnosis Soria<\/title>\n<meta name=\"description\" content=\"Deja atr\u00e1s las inseguridades, los miedos, los malos h\u00e1bitos, las adicciones a trav\u00e9s de la hipn\u00f3sis terap\u00e9utica.\" \/>\n<meta name=\"robots\" content=\"index, follow, max-snippet:-1, max-image-preview:large, max-video-preview:-1\" \/>\n<link rel=\"canonical\" href=\"https:\/\/samaneahousedeluxe.com\/es\/privacy-policy\/\" \/>\n<meta property=\"og:locale\" content=\"es_ES\" \/>\n<meta property=\"og:type\" content=\"article\" \/>\n<meta property=\"og:title\" content=\"Mejora la calidad de tu vida con hipn\u00f3sis terap\u00e9utica - Hipnosis Soria\" \/>\n<meta property=\"og:description\" content=\"Deja atr\u00e1s las inseguridades, los miedos, los malos h\u00e1bitos, las adicciones a trav\u00e9s de la hipn\u00f3sis terap\u00e9utica.\" \/>\n<meta property=\"og:url\" content=\"https:\/\/samaneahousedeluxe.com\/es\/privacy-policy\/\" \/>\n<meta property=\"og:site_name\" content=\"SAMANEA\" \/>\n<meta property=\"article:modified_time\" content=\"2026-05-05T06:00:45+00:00\" \/>\n<meta name=\"twitter:card\" content=\"summary_large_image\" \/>\n<meta name=\"twitter:label1\" content=\"Tiempo de lectura\" \/>\n\t<meta name=\"twitter:data1\" content=\"2 minutos\" \/>\n<script type=\"application\/ld+json\" class=\"yoast-schema-graph\">{\"@context\":\"https:\/\/schema.org\",\"@graph\":[{\"@type\":\"WebPage\",\"@id\":\"https:\/\/samaneahousedeluxe.com\/privacy-policy\/\",\"url\":\"https:\/\/samaneahousedeluxe.com\/privacy-policy\/\",\"name\":\"Mejora la calidad de tu vida con hipn\u00f3sis terap\u00e9utica - Hipnosis Soria\",\"isPartOf\":{\"@id\":\"https:\/\/samaneahousedeluxe.com\/#website\"},\"datePublished\":\"2026-05-05T05:55:55+00:00\",\"dateModified\":\"2026-05-05T06:00:45+00:00\",\"description\":\"Deja atr\u00e1s las inseguridades, los miedos, los malos h\u00e1bitos, las adicciones a trav\u00e9s de la hipn\u00f3sis terap\u00e9utica.\",\"breadcrumb\":{\"@id\":\"https:\/\/samaneahousedeluxe.com\/privacy-policy\/#breadcrumb\"},\"inLanguage\":\"es\",\"potentialAction\":[{\"@type\":\"ReadAction\",\"target\":[\"https:\/\/samaneahousedeluxe.com\/privacy-policy\/\"]}]},{\"@type\":\"BreadcrumbList\",\"@id\":\"https:\/\/samaneahousedeluxe.com\/privacy-policy\/#breadcrumb\",\"itemListElement\":[{\"@type\":\"ListItem\",\"position\":1,\"name\":\"Portada\",\"item\":\"https:\/\/samaneahousedeluxe.com\/\"},{\"@type\":\"ListItem\",\"position\":2,\"name\":\"Privacy Policy\"}]},{\"@type\":\"WebSite\",\"@id\":\"https:\/\/samaneahousedeluxe.com\/#website\",\"url\":\"https:\/\/samaneahousedeluxe.com\/\",\"name\":\"SAMANEA\",\"description\":\"Luxury House\",\"potentialAction\":[{\"@type\":\"SearchAction\",\"target\":{\"@type\":\"EntryPoint\",\"urlTemplate\":\"https:\/\/samaneahousedeluxe.com\/?s={search_term_string}\"},\"query-input\":{\"@type\":\"PropertyValueSpecification\",\"valueRequired\":true,\"valueName\":\"search_term_string\"}}],\"inLanguage\":\"es\"}]}<\/script>\n<!-- \/ Yoast SEO plugin. -->","yoast_head_json":{"title":"Mejora la calidad de tu vida con hipn\u00f3sis terap\u00e9utica - Hipnosis Soria","description":"Deja atr\u00e1s las inseguridades, los miedos, los malos h\u00e1bitos, las adicciones a trav\u00e9s de la hipn\u00f3sis terap\u00e9utica.","robots":{"index":"index","follow":"follow","max-snippet":"max-snippet:-1","max-image-preview":"max-image-preview:large","max-video-preview":"max-video-preview:-1"},"canonical":"https:\/\/samaneahousedeluxe.com\/es\/privacy-policy\/","og_locale":"es_ES","og_type":"article","og_title":"Mejora la calidad de tu vida con hipn\u00f3sis terap\u00e9utica - Hipnosis Soria","og_description":"Deja atr\u00e1s las inseguridades, los miedos, los malos h\u00e1bitos, las adicciones a trav\u00e9s de la hipn\u00f3sis terap\u00e9utica.","og_url":"https:\/\/samaneahousedeluxe.com\/es\/privacy-policy\/","og_site_name":"SAMANEA","article_modified_time":"2026-05-05T06:00:45+00:00","twitter_card":"summary_large_image","twitter_misc":{"Tiempo de lectura":"2 minutos"},"schema":{"@context":"https:\/\/schema.org","@graph":[{"@type":"WebPage","@id":"https:\/\/samaneahousedeluxe.com\/privacy-policy\/","url":"https:\/\/samaneahousedeluxe.com\/privacy-policy\/","name":"Mejora la calidad de tu vida con hipn\u00f3sis terap\u00e9utica - Hipnosis Soria","isPartOf":{"@id":"https:\/\/samaneahousedeluxe.com\/#website"},"datePublished":"2026-05-05T05:55:55+00:00","dateModified":"2026-05-05T06:00:45+00:00","description":"Deja atr\u00e1s las inseguridades, los miedos, los malos h\u00e1bitos, las adicciones a trav\u00e9s de la hipn\u00f3sis terap\u00e9utica.","breadcrumb":{"@id":"https:\/\/samaneahousedeluxe.com\/privacy-policy\/#breadcrumb"},"inLanguage":"es","potentialAction":[{"@type":"ReadAction","target":["https:\/\/samaneahousedeluxe.com\/privacy-policy\/"]}]},{"@type":"BreadcrumbList","@id":"https:\/\/samaneahousedeluxe.com\/privacy-policy\/#breadcrumb","itemListElement":[{"@type":"ListItem","position":1,"name":"Portada","item":"https:\/\/samaneahousedeluxe.com\/"},{"@type":"ListItem","position":2,"name":"Privacy Policy"}]},{"@type":"WebSite","@id":"https:\/\/samaneahousedeluxe.com\/#website","url":"https:\/\/samaneahousedeluxe.com\/","name":"SAMANEA","description":"Casa de lujo","potentialAction":[{"@type":"SearchAction","target":{"@type":"EntryPoint","urlTemplate":"https:\/\/samaneahousedeluxe.com\/?s={search_term_string}"},"query-input":{"@type":"PropertyValueSpecification","valueRequired":true,"valueName":"search_term_string"}}],"inLanguage":"es"}]}},"_links":{"self":[{"href":"https:\/\/samaneahousedeluxe.com\/es\/wp-json\/wp\/v2\/pages\/3392","targetHints":{"allow":["GET"]}}],"collection":[{"href":"https:\/\/samaneahousedeluxe.com\/es\/wp-json\/wp\/v2\/pages"}],"about":[{"href":"https:\/\/samaneahousedeluxe.com\/es\/wp-json\/wp\/v2\/types\/page"}],"author":[{"embeddable":true,"href":"https:\/\/samaneahousedeluxe.com\/es\/wp-json\/wp\/v2\/users\/6"}],"replies":[{"embeddable":true,"href":"https:\/\/samaneahousedeluxe.com\/es\/wp-json\/wp\/v2\/comments?post=3392"}],"version-history":[{"count":5,"href":"https:\/\/samaneahousedeluxe.com\/es\/wp-json\/wp\/v2\/pages\/3392\/revisions"}],"predecessor-version":[{"id":3397,"href":"https:\/\/samaneahousedeluxe.com\/es\/wp-json\/wp\/v2\/pages\/3392\/revisions\/3397"}],"wp:attachment":[{"href":"https:\/\/samaneahousedeluxe.com\/es\/wp-json\/wp\/v2\/media?parent=3392"}],"curies":[{"name":"wp","href":"https:\/\/api.w.org\/{rel}","templated":true}]}}